{"id":12,"date":"2016-07-13T08:42:08","date_gmt":"2016-07-13T08:42:08","guid":{"rendered":"http:\/\/certyfikat.okiemmamy.pl\/krecik\/?page_id=12"},"modified":"2016-07-13T08:42:08","modified_gmt":"2016-07-13T08:42:08","slug":"regulamin","status":"publish","type":"page","link":"https:\/\/certyfikat.okiemmamy.pl\/krecik\/regulamin\/","title":{"rendered":"Regulamin"},"content":{"rendered":"<p><strong>Regulamin sprzeda\u017cy na stronie certyfikat.okiemmamy.pl<\/strong><\/p>\n<p><strong>Rozdzia\u0142 I<\/strong><br \/>\n<strong>Postanowienia wst\u0119pne<\/strong><\/p>\n<p><strong>\u00a7 1 Postanowienia og\u00f3lne<\/strong><br \/>\n1. Sklep internetowy (certyfikat.okiemmamy.pl) prowadzi sprzeda\u017c detaliczn\u0105 za po\u015brednictwem Internetu na obszarze Rzeczpospolitej Polskiej na podstawie niniejszego Regulaminu (dalej \u201eRegulamin\u201d).<br \/>\n2. Regulamin okre\u015bla zasady i warunki korzystania ze Sklepu, a tak\u017ce prawa i obowi\u0105zki W\u0142a\u015bciciela Sklepu i Klient\u00f3w.<br \/>\n3. Przed rozpocz\u0119cie korzystania ze Sklepu Klient jest zobowi\u0105zany zapozna\u0107 si\u0119 z niniejszym Regulaminem, a rozpocz\u0119cie korzystania ze Sklepu jest r\u00f3wnoznaczne z akceptacj\u0105 wszystkich jego postanowie\u0144. Regulamin jest integraln\u0105 cz\u0119\u015bci\u0105 umowy sprzeda\u017cy zawieranej z Klientem.<br \/>\n4. W\u0142a\u015bcicielem Sklepu jest: MARCIN GO\u0141\u0118BIEWSKI, NIP: 5242330235, REGON: 147382364, kontakt: certyfikat@okiemmamy.pl.<br \/>\n5.Umowy w Sklepie internetowym s\u0105 zawierane w j\u0119zyku polskim.<\/p>\n<p><strong>\u00a7 2 Definicje<\/strong><br \/>\nNa potrzeby niniejszego Regulaminu poni\u017csze poj\u0119cia oznaczaj\u0105:<br \/>\na) Regulamin \u2013 niniejszy regulamin dzia\u0142alno\u015bci Sklepu internetowego,<br \/>\nb) Sprzedawca \u2013 w\u0142a\u015bciciel Sklepu,<br \/>\nc) Sklep \u2013 prowadzony przez Sprzedawc\u0119 serwis sprzeda\u017cy on-line, dost\u0119pny dla Klient\u00f3w, w ramach kt\u00f3rego Klient ma mo\u017cliwo\u015b\u0107 nabywania Towar\u00f3w. Sklep internetowy dost\u0119pny jest na stronie: http:\/\/www.certyfikat.okiemmamy.pl<br \/>\nd) Formularz zakupu \u2013 skrypt b\u0119d\u0105cy cz\u0119\u015bci\u0105 sklepu s\u0142u\u017c\u0105cy do z\u0142o\u017cenia zam\u00f3wienia przez Klienta,<br \/>\ne) Towar\/us\u0142uga \u2013 produkt\/y\/us\u0142ugi oferowany\/e Klientowi przez Sprzedawc\u0119 za po\u015brednictwem Sklepu internetowego,<br \/>\nf) Klient \u2013 osoba fizyczna, kt\u00f3ra uko\u0144czy\u0142a 18 lat i jest zdolna do zawierania wi\u0105\u017c\u0105cych um\u00f3w lub osoba prawna b\u0105d\u017a inny podmiot zdolny do zawierania um\u00f3w.<br \/>\ng) Konsument \u2013 osoba fizyczna dokonuj\u0105ca z przedsi\u0119biorc\u0105 czynno\u015bci prawnej \u2013 zakupu \u2013 niezwi\u0105zanego bezpo\u015brednio z prowadzon\u0105 przez ni\u0105 dzia\u0142alno\u015bci\u0105 gospodarcz\u0105 lub zawodow\u0105.<\/p>\n<p><strong>\u00a7 3 Wymagania techniczne<\/strong><br \/>\n1. Do wsp\u00f3\u0142pracy z systemem teleinformatycznym Sprzedawcy wymagane jest posiadanie przez Klienta urz\u0105dzenia pod\u0142\u0105czonego do Internetu z zainstalowan\u0105 dowoln\u0105 przegl\u0105dark\u0105 internetow\u0105 obs\u0142uguj\u0105c\u0105 stron\u0119 kodow\u0105 UTF-8 (i ewentualnie arkuszami styl\u00f3w, dzi\u0119ki czemu portal sklepu internetowego b\u0119dzie wygl\u0105da\u0142 przejrzy\u015bcie); nie jest wymagane instalowanie dodatkowych rozszerze\u0144 lub wtyczek.<br \/>\n2. Do dokonania zakup\u00f3w w Sklepie wymagane jest posiadanie przez Klienta aktywnego konta poczty elektronicznej (skrzynki elektronicznej).<\/p>\n<p><strong>\u00a7 4 Ceny i oferty promocyjne<\/strong><br \/>\n1. Wszystkie ceny Towar\u00f3w podane na stronie internetowej Sklepu s\u0105 cenami brutto (zawieraj\u0105ce podatek VAT).<br \/>\n2. Wi\u0105\u017c\u0105ca dla stron transakcji jest cena widniej\u0105ca przy Towarze\/Us\u0142udze w momencie z\u0142o\u017cenia zam\u00f3wienia przez Klienta.<br \/>\n3. Sprzedawca zastrzega, i\u017c produkty\/us\u0142ugi umieszczone w kategorii \u201ePromocja\u201d oraz \u201eWyprzeda\u017c\u201d w oferowanych tam cenach dost\u0119pne s\u0105 do wyczerpania zapas\u00f3w lub do wyczerpania limitu us\u0142ug okre\u015blonych w danej promocji.<\/p>\n<p><strong>Rozdzia\u0142 II<\/strong><br \/>\n<strong> Sk\u0142adanie i realizacja zam\u00f3wienia<\/strong><\/p>\n<p><strong>\u00a7 1 Warunki sk\u0142adania zam\u00f3wie\u0144 i zawarcie umowy sprzeda\u017cy<\/strong><br \/>\n1. Klient, sk\u0142adaj\u0105c zam\u00f3wienie w Sklepie, jednocze\u015bnie o\u015bwiadcza, \u017ce zapozna\u0142 si\u0119 z Regulaminem i akceptuje zawarte w nim postanowienia.<br \/>\n2. Zam\u00f3wienia w Sklepie mo\u017cna sk\u0142ada\u0107 przez ca\u0142\u0105 dob\u0119, we wszystkie dni roku.<br \/>\n3. Zawarto\u015b\u0107 witryny internetowej Sklepu stanowi zaproszenie do zawarcia umowy w rozumieniu art. 71 Kodeksu cywilnego, a zatem samo z\u0142o\u017cenie zam\u00f3wienia przez Klienta nie oznacza natychmiastowego zawarcia umowy.<br \/>\nW celu z\u0142o\u017cenia zam\u00f3wienia w Sklepie internetowym konieczne jest zalogowanie si\u0119 na konto Klienta lub za\u0142o\u017cenie konta w przypadku nowych Klient\u00f3w lub te\u017c zrealizowanie zam\u00f3wienia bez rejestracji z systemie informatycznym, natomiast w celu za\u0142o\u017cenia konta nale\u017cy poda\u0107 poprawny adres e-mail i utworzy\u0107 has\u0142o, a nast\u0119pnie potwierdzi\u0107 za\u0142o\u017cenie konta poprzez przej\u015bcie udost\u0119pnione w linku aktywacyjnym przekazanym drog\u0105 e mailow\u0105, potwierdzaj\u0105c tym samym za\u0142o\u017cenie konta lub realizacj\u0119 zakupu bez za\u0142o\u017cenia konta dla klienta.<br \/>\n5. Z\u0142o\u017cenie zam\u00f3wienia za pomoc\u0105 sklepu jest jednoznaczne z wyra\u017ceniem zgody na przechowywanie i przetwarzanie przez Sprzedawc\u0119 danych osobowych podanych podczas rejestracji oraz w zam\u00f3wieniach, zgodnie z przepisami ustawy o ochronie danych osobowych (t.j. Dz.U. z 2014 r. poz. 1182).<br \/>\n6. Klient sk\u0142ada Sprzedawcy zobowi\u0105zanie w momencie, kiedy akceptuje zam\u00f3wienie.<br \/>\n7. Po wys\u0142aniu zam\u00f3wienia Klient otrzymuje od Sprzedawcy potwierdzenie otrzymania zam\u00f3wienia, czyli e-mail, kt\u00f3ry potwierdza otrzymanie zam\u00f3wienia wraz z nadanym mu numerem oraz informacjami, tj.:<br \/>\n\u2013 dane Sprzedawcy i poszczeg\u00f3lne pozycje zam\u00f3wienia,<br \/>\n\u2013 \u0142\u0105czna cena brutto zawieraj\u0105ce podatek VAT,<br \/>\n\u2013 spos\u00f3b zap\u0142aty.<br \/>\n8. Potwierdzenie otrzymania zam\u00f3wienia potwierdza fakt, \u017ce do Sprzedawcy wp\u0142yn\u0119\u0142o zam\u00f3wienie Klienta.<br \/>\n9. Po przygotowaniu zam\u00f3wienia i otrzymaniu zap\u0142aty Sprzedawca prze\u015ble do Klienta w formie e-maila potwierdzenie realizacji zam\u00f3wienia i rozpocznie wysy\u0142k\u0119 zam\u00f3wienia do Klienta.<br \/>\n10. Wysy\u0142ka potwierdzenia realizacji zam\u00f3wienia potwierdza zawarcie pomi\u0119dzy stronami umowy sprzeda\u017cy.<br \/>\n11. Status zam\u00f3wienia Klient mo\u017ce \u015bledzi\u0107 na swoim koncie w zak\u0142adce \u201eZam\u00f3wienia\u201d.<br \/>\n12. Zam\u00f3wienia realizowane b\u0119d\u0105 na adres znajduj\u0105cy si\u0119 na terenie Polski<br \/>\n13. Sklep zastrzega sobie mo\u017cliwo\u015b\u0107 potwierdzenia przyj\u0119cia zam\u00f3wienia poprzez kontakt telefoniczny lub poczt\u0105 elektroniczn\u0105 oraz weryfikacji danych konsumenta. Sklep zastrzega sobie mo\u017cliwo\u015b\u0107 anulowania zam\u00f3wienia w przypadku braku mo\u017cliwo\u015bci kontaktu z Klientem.<\/p>\n<p><strong>\u00a7 2 Spos\u00f3b p\u0142atno\u015bci<\/strong><br \/>\n1. Klient ma do wyboru nast\u0119puj\u0105ce formy p\u0142atno\u015bci:<br \/>\na) przelewem za po\u015brednictwem us\u0142ugi p\u0142atno\u015bci &#8211; transferuj.pl<br \/>\nb) w p\u00f3\u017aniejszym czasie w W\u0142a\u015bciciel sklepu mo\u017ce dopu\u015bci\u0107 dodatkowe formy p\u0142atno\u015bci np. przelew na konto bankowe,<br \/>\n2. Zam\u00f3wienia niepotwierdzone lub nieop\u0142acone przez Klienta w ci\u0105gu 2 dni od chwili z\u0142o\u017cenia zam\u00f3wienia b\u0119d\u0105 automatycznie anulowane.<\/p>\n<p><strong>\u00a7 3 Termin p\u0142atno\u015bci<\/strong><br \/>\n1. W razie wyboru p\u0142atno\u015bci przelewem elektronicznym lub kart\u0105 kredytow\u0105 Klient zobowi\u0105zany jest zap\u0142aci\u0107 za produkty i koszt dostawy w terminie 2 dni od dnia przyj\u0119cia zam\u00f3wienia przez Sprzedawc\u0119.<br \/>\n2. Za dat\u0119 zap\u0142aty uznaje si\u0119 dat\u0119 uznania rachunku bankowego Sprzedawcy lub te\u017c potwierdzenie zap\u0142aty poprzez system p\u0142atno\u015bci elektronicznych (bramka p\u0142atno\u015bci).<br \/>\n3. W razie braku zap\u0142aty pe\u0142nej ceny w terminie Sprzedawca mo\u017ce anulowa\u0107 zam\u00f3wienie Klienta, o czym Klient zostanie poinformowany. Je\u017celi Klient zap\u0142aci\u0142 cz\u0119\u015b\u0107 ceny, Sprzedawca zwraca mu ca\u0142\u0105 wp\u0142acon\u0105 kwot\u0119 pomniejszon\u0105 o koszty przelewu oraz prowizji bramki p\u0142atno\u015bci.<br \/>\n4. Dokonuj\u0105c p\u0142atno\u015bci przelewem elektronicznym, w tytule przelewu nale\u017cy poda\u0107 numer zam\u00f3wienia nadany przez Sprzedawc\u0119.<br \/>\n5. W razie niepodania w tytule przelewu numeru zam\u00f3wienia Sprzedawca podejmuje starania w celu ustalenia tego numeru, w szczeg\u00f3lno\u015bci kontaktuje si\u0119 z Klientem. W razie niemo\u017cliwo\u015bci ustalenia numeru zam\u00f3wienia do danego przelewu Sprzedawca zwraca wp\u0142acon\u0105 kwot\u0119 na rachunek bankowy, z kt\u00f3rego zosta\u0142 nadany przelew, a zam\u00f3wienie jest anulowane.<\/p>\n<p><strong>\u00a7 4 Realizacja zam\u00f3wienia<\/strong><br \/>\n1. Sprzedawca o\u015bwiadcza, i\u017c do\u0142o\u017cy wszelkich stara\u0144, aby zam\u00f3wienie Klienta zosta\u0142o zrealizowane w ci\u0105gu 48 godzin, licz\u0105c od nast\u0119pnego dnia roboczego po otrzymaniu przez Sprzedawc\u0119 p\u0142atno\u015bci.<br \/>\n3. Sprzedawca o\u015bwiadcza, i\u017c maksymalny termin realizacji zam\u00f3wienia nie powinien przekroczy\u0107 7 dni, z tym zastrze\u017ceniem, i\u017c w przypadku chwilowego braku zam\u00f3wionego Towaru, us\u0142ugi w Sklepie internetowym czas ten mo\u017ce si\u0119 wyd\u0142u\u017cy\u0107, jednak nie d\u0142u\u017cej ni\u017c trzydzie\u015bci dni od dnia zawarcia umowy.<br \/>\n4. Dowodem zakupu w przypadku Klient\u00f3w b\u0119d\u0105cych konsumentami jest paragon\/faktura.<br \/>\n5. Dowodem zakupu dla Klient\u00f3w nie b\u0119d\u0105cych konsumentami jest faktura.<br \/>\n6. Na \u017cyczenie Klienta b\u0119d\u0105cego konsumentem Sprzedawca wystawi faktur\u0119. Pro\u015bb\u0119 o wystawienie faktury nale\u017cy zg\u0142osi\u0107 w polu: Uwagi.<\/p>\n<p><strong>\u00a7 5 Spos\u00f3b i koszty dostawy Towaru<\/strong><br \/>\n1. Klient mo\u017ce wybra\u0107 nast\u0119puj\u0105ce formy dostawy zam\u00f3wionego towaru:<br \/>\na) dostawa za pomoc\u0105 Poczty Polskiej,<br \/>\nb) dostawa za po\u015brednictwem firmy kurierskiej,<br \/>\nc) dostawa elektroniczna &#8211; tylko dla produkt\u00f3w z opcj\u0105 &#8222;do pobrania&#8221;.<br \/>\n2. Koszt dostawy ponosi Klient, chyba \u017ce Sprzedawca okre\u015bli odmiennie w Sklepie.<br \/>\n3. Przed odebraniem przesy\u0142ki od kuriera Klient zobowi\u0105zany jest sprawdzi\u0107, czy opakowanie nie uleg\u0142o uszkodzeniu w transporcie. W przypadku, gdy opakowanie przesy\u0142ki nosi znamiona uszkodzenia, nale\u017cy nie przyjmowa\u0107 przesy\u0142ki i w obecno\u015bci kuriera sporz\u0105dzi\u0107 protok\u00f3\u0142 szkody oraz skontaktowa\u0107 si\u0119 jak najszybciej ze Sprzedawc\u0105 w celu wyja\u015bnienia sprawy.<\/p>\n<p><strong>Rozdzia\u0142 III<\/strong><br \/>\n<strong> Odpowiedzialno\u015b\u0107 za Towar i reklamacje<\/strong><\/p>\n<p>\u00a7 1 Odpowiedzialno\u015b\u0107 za wady rzeczy<br \/>\n1. Sprzedawca jest odpowiedzialny wzgl\u0119dem Klienta, je\u017celi sprzedany towar ma wad\u0119 fizyczn\u0105 (r\u0119kojmia).<br \/>\n2. Wada fizyczna polega na niezgodno\u015bci rzeczy sprzedanej z umow\u0105. W szczeg\u00f3lno\u015bci rzecz sprzedana jest niezgodna z umow\u0105, je\u017celi:<br \/>\n1) nie ma w\u0142a\u015bciwo\u015bci, kt\u00f3re rzecz tego rodzaju powinna mie\u0107 ze wzgl\u0119du na cel w umowie oznaczony albo wynikaj\u0105cy z okoliczno\u015bci lub z przeznaczenia;<br \/>\n2) nie ma w\u0142a\u015bciwo\u015bci, o kt\u00f3rych istnieniu sprzedawca zapewni\u0142 kupuj\u0105cego, w tym przedstawiaj\u0105c pr\u00f3bk\u0119 lub wz\u00f3r;<br \/>\n3) nie nadaje si\u0119 do celu, o kt\u00f3rym kupuj\u0105cy poinformowa\u0142 sprzedawc\u0119 przy zawarciu umowy, a sprzedawca nie zg\u0142osi\u0142 zastrze\u017cenia co do takiego jej przeznaczenia;<br \/>\n4) zosta\u0142a kupuj\u0105cemu wydana w stanie niezupe\u0142nym.<br \/>\n3. Sprzedawca odpowiada za niezgodno\u015b\u0107 towaru z umow\u0105 jedynie w przypadku jej stwierdzenia przed up\u0142ywem dw\u00f3ch lat od wydania tego Towaru Klientowi. Termin ten biegnie na nowo w razie wymiany produktu.<br \/>\n4. W razie niezgodno\u015bci towaru z umow\u0105 Klient najp\u00f3\u017aniej w terminie roku od dnia stwierdzenia tej niezgodno\u015bci jest zobowi\u0105zany wys\u0142a\u0107 zawiadomienie (o\u015bwiadczenie) o stwierdzonej niezgodno\u015bci na adres Sprzedawcy, wskazany w Rozdziale 1 \u00a7 1 Regulaminu. Dla zachowania terminu wystarczy wys\u0142anie zawiadomienia (o\u015bwiadczenia) przed jego up\u0142ywem. Klient zobowi\u0105zany jest sporz\u0105dzi\u0107 na pi\u015bmie opis stwierdzonej niezgodno\u015bci Towaru z umow\u0105 oraz wskaza\u0107 zakres roszczenia (patrz pkt 5).<br \/>\n5. Je\u017celi rzecz sprzedana ma wad\u0119, Klient mo\u017ce:<br \/>\na) \u017c\u0105da\u0107 wymiany rzeczy na woln\u0105 od wad,<br \/>\nb) \u017c\u0105da\u0107 usuni\u0119cia wady,<br \/>\nc) \u017c\u0105da\u0107 obni\u017cenia ceny,<br \/>\nd) odst\u0105pi\u0107 od umowy, chyba \u017ce Sprzedawca niezw\u0142ocznie i bez nadmiernych niedogodno\u015bci dla Klienta wymieni rzecz wadliw\u0105 na woln\u0105 od wad albo wad\u0119 usunie.<br \/>\n6. Sprzedawca jest obowi\u0105zany \u2013 na sw\u00f3j koszt \u2013 wymieni\u0107 rzecz wadliw\u0105 na woln\u0105 od wad albo usun\u0105\u0107 wad\u0119 w rozs\u0105dnym czasie bez nadmiernych niedogodno\u015bci dla Klienta. Przyjmuje si\u0119, i\u017c termin ten wynosi do 60 dni.<br \/>\n5. W przypadku stwierdzenia wad lub niezgodno\u015bci Towaru z umow\u0105 Klient mo\u017ce z\u0142o\u017cy\u0107 reklamacj\u0119<br \/>\nlub wys\u0142a\u0107 na koszt Sprzedawcy reklamowany Towar.<br \/>\n6. Klient odsy\u0142aj\u0105cy reklamowany Towar do Sprzedawcy jest zobowi\u0105zany do za\u0142\u0105czenia pisemnego o\u015bwiadczenia zawieraj\u0105cego nast\u0119puj\u0105ce dane: dane reklamuj\u0105cego \u2013 imi\u0119 i nazwisko, dok\u0142adny adres zamieszkania oraz adres e-mail, dat\u0119 nabycia Towaru, nazw\u0119 Towaru, cen\u0119 nabycia, dok\u0142adnie opisan\u0105 wad\u0119 oraz okoliczno\u015bci jej powstania, \u017c\u0105dania reklamuj\u0105cego. Sk\u0142adaj\u0105c reklamacj\u0119, Klient zobowi\u0105zany jest r\u00f3wnie\u017c do za\u0142\u0105czenia dowodu sprzeda\u017cy \u2013 najlepiej orygina\u0142u lub kopii paragonu lub faktury VAT lub innego niebudz\u0105cego w\u0105tpliwo\u015bci dowodu zakupu.<\/p>\n<p><strong>\u00a7 2 Odst\u0105pienie od umowy konsumenta<\/strong><br \/>\n1. Zgodnie z art. 27 ustawy z dnia 30 maja 2014 r. o prawach konsumenta (Dz.U. poz. 827) Klient b\u0119d\u0105cy konsumentem, kt\u00f3ry zakupi\u0142 towar\/us\u0142ug\u0119 na odleg\u0142o\u015b\u0107 \u2013 za po\u015brednictwem sklepu internetowego \u2013 ma prawo do odst\u0105pienia od umowy bez podawania przyczyn w terminie 14 dni (do zachowania terminu wystarczy wys\u0142anie o\u015bwiadczenia przed jego up\u0142ywem).<br \/>\n2. Zwracany Towar nie mo\u017ce nosi\u0107 \u015blad\u00f3w korzystania poza koniecznymi do stwierdzenia charakteru, cech i funkcjonalno\u015bci Towaru.<br \/>\n3. O\u015bwiadczenie o odst\u0105pieniu nale\u017cy z\u0142o\u017cy\u0107:<br \/>\na) listem poleconym na adres Sprzedawcy, wskazany w Rozdziale 1 \u00a7 1 Regulaminu.<br \/>\nb) w postaci elektronicznej i wys\u0142a\u0107 Sprzedawcy na adres poczty elektronicznej wskazany w Rozdziale 1 \u00a7 1 Regulaminu (Sprzedawca niezw\u0142ocznie potwierdza Klientowi e-mailem potwierdzenie przyj\u0119cia o\u015bwiadczenia).<br \/>\n4. Odst\u0119puj\u0105c od umowy, Klient jest zobowi\u0105zany za\u0142\u0105czy\u0107 dow\u00f3d sprzeda\u017cy \u2013 najlepiej orygina\u0142 lub kopi\u0119 paragonu lub faktury VAT lub inny niebudz\u0105cy w\u0105tpliwo\u015bci dow\u00f3d zakupu.<br \/>\n5. Konsument ma obowi\u0105zek zwr\u00f3ci\u0107 towar Sprzedawcy \u2013 na sw\u00f3j koszt \u2013 niezw\u0142ocznie, jednak nie p\u00f3\u017aniej ni\u017c 14 dni od dnia, w kt\u00f3rym odst\u0105pi\u0142 od umowy (do zachowania terminu wystarczy odes\u0142anie towaru przed jego up\u0142ywem).<br \/>\n6. Sprzedawca ma obowi\u0105zek niezw\u0142ocznie, nie p\u00f3\u017aniej ni\u017c w terminie 14 dni od otrzymania o\u015bwiadczenia konsumenta o odst\u0105pieniu od umowy, zwr\u00f3ci\u0107 konsumentowi wszystkie dokonane przez niego p\u0142atno\u015bci pomniejszone o koszty zwi\u0105zane z prowizj\u0105 od transakcji oraz koszt\u00f3w wysy\u0142ki.<br \/>\n7. Je\u017celi Klient wraz z o\u015bwiadczeniem o odst\u0105pieniu nie odes\u0142a\u0142 Towaru, Sprzedawca wstrzymuje si\u0119 do zwrotu dokonanych przez Klienta p\u0142atno\u015bci do dnia otrzymania Towaru.<br \/>\n8. Klient mo\u017ce przes\u0142a\u0107 zwracany Towar na sw\u00f3j koszt.<br \/>\n9. Prosimy o odsy\u0142anie Towaru w oryginalnym nieuszkodzonym opakowaniu.<br \/>\n10. Zwrot nale\u017cno\u015bci nast\u0105pi w takiej formie, w jakiej dokonywany by\u0142 zakup: konto bankowe lub na kart\u0119.<br \/>\n11. Przesy\u0142ki ze zwracanym Towarem nadane za pobraniem lub na koszt odbiorcy (Sprzedawcy) nie b\u0119d\u0105 przyjmowane.<br \/>\n12. Kupuj\u0105cemu nie przys\u0142uguje prawo odst\u0105pienia od umowy w przypadku towaru w postaci nagra\u0144 d\u017awi\u0119kowych lub wizualnych albo program\u00f3w komputerowych dostarczonych w zapiecz\u0119towanym opakowaniu, je\u015bli opakowanie to zosta\u0142o otwarte po dostarczeniu.<\/p>\n<p><strong>Rozdzia\u0142 IV<\/strong><br \/>\n<strong> Postanowienia wsp\u00f3lne<\/strong><\/p>\n<p><strong>\u00a7 1 Ochrona danych osobowych<\/strong><br \/>\n1. Sprzedawca gwarantuje poufno\u015b\u0107 wszelkich udost\u0119pnionych mu danych osobowych.<br \/>\n2. Dane osobowe umieszczone w bazie danych Sprzedawcy s\u0105 przetwarzane wy\u0142\u0105cznie w celu realizacji zam\u00f3wienia i s\u0105 to:<br \/>\na) imi\u0119 i nazwisko,<br \/>\nb) adres korespondencyjny,<br \/>\nc) numer telefonu,<br \/>\nd) adres e-mail,<br \/>\ne) informacje zawarte w logach systemowych \u2013 w celach technicznych i statystycznych,<br \/>\nf) w przypadku uzyskania przez administratora wiadomo\u015bci o korzystaniu przez u\u017cytkownika z us\u0142ugi \u015bwiadczonej drog\u0105 elektroniczn\u0105 niezgodnie z regulaminem lub z obowi\u0105zuj\u0105cymi przepisami (niedozwolone korzystanie) administrator mo\u017ce przetwarza\u0107 dane osobowe u\u017cytkownika w zakresie niezb\u0119dnym do ustalenia odpowiedzialno\u015bci u\u017cytkownika.<br \/>\n3. Klient mo\u017ce r\u00f3wnie\u017c wyrazi\u0107 odr\u0119bn\u0105 zgod\u0119 na otrzymywanie od Sklepu materia\u0142\u00f3w reklamowo\u00ac- promocyjnych.<br \/>\n4. Sk\u0142adaj\u0105c zam\u00f3wienie, Klient wyra\u017ca zgod\u0119 na przetwarzanie i wykorzystywanie jego danych osobowych w celu realizacji zam\u00f3wienia, w szczeg\u00f3lno\u015bci na przekazanie jego danych osobowych firmie kurierskiej w celu realizacji wybranej przez Klienta formy wysy\u0142ki Towaru.<br \/>\n5. Dane osobowe mog\u0105 zosta\u0107 udost\u0119pnione jedynie w celu realizacji wybranej formy wysy\u0142ki.<br \/>\n6. Dane osobowe s\u0105 gromadzone z nale\u017cyt\u0105 staranno\u015bci\u0105 i odpowiednio chronione przed dost\u0119pem do nich przez osoby do tego nieupowa\u017cnione, a ich przetwarzanie odbywa si\u0119 w zgodzie oraz na warunkach okre\u015blonych szczeg\u00f3\u0142owo w:<br \/>\na) ustawie z dnia 18 lipca 2002 r. o \u015bwiadczeniu us\u0142ug drog\u0105 elektroniczn\u0105 (t.j. Dz.U. z 2013 r. poz. 1422);<br \/>\nb) ustawie z dnia 29 sierpnia 1997 r. o ochronie danych osobowych (t.j. Dz.U. z 2014 r. poz. 1182);<br \/>\nc) rozporz\u0105dzeniu Ministra Spraw Wewn\u0119trznych i Administracji z dnia 29 kwietnia 2004 r. w sprawie dokumentacji przetwarzania danych osobowych oraz warunk\u00f3w technicznych i organizacyjnych, jakim powinny odpowiada\u0107 urz\u0105dzenia i systemy informatyczne s\u0142u\u017c\u0105ce do przetwarzania danych osobowych (Dz.U. Nr 100, poz. 1024);<br \/>\nd) innych aktach prawa powszechnie obowi\u0105zuj\u0105cego.<br \/>\n7. Klientowi przys\u0142uguj\u0105 prawa okre\u015blone w aktach prawnych, o kt\u00f3rych mowa w ust. 6, w tym w szczeg\u00f3lno\u015bci do:<br \/>\na) wgl\u0105du do swoich danych osobowych,<br \/>\nb) \u017c\u0105dania uzupe\u0142nienia, uaktualnienia, sprostowania danych osobowych, czasowego lub sta\u0142ego wstrzymania ich przetwarzania lub ich usuni\u0119cia, je\u017celi s\u0105 one niekompletne, nieaktualne, nieprawdziwe lub zosta\u0142y zebrane z naruszeniem ustawy albo s\u0105 ju\u017c zb\u0119dne do realizacji celu, dla kt\u00f3rego zosta\u0142y zebrane.<\/p>\n<p><strong>\u00a7 2 Prawa autorskie i pokrewne<\/strong><br \/>\n1. Wszelkie tre\u015bci zamieszczane w Sklepie, \u0142\u0105cznie z tekstami, zdj\u0119ciami, grafik\u0105, plikami audio i wideo s\u0105 w\u0142asno\u015bci\u0105 Sprzedawcy, je\u015bli wyra\u017anie nie stwierdzono inaczej.<br \/>\n2. Tre\u015bci te s\u0105 chronione prawem autorskim i bez zgody w\u0142a\u015bciciela mog\u0105 by\u0107 u\u017cywane jedynie do osobistego u\u017cytku, nie mog\u0105 by\u0107 publicznie wykorzystywane w jakikolwiek spos\u00f3b bez pisemnej zgody w\u0142a\u015bciciela, powielane, zmieniane itp.<br \/>\n3. Bezprawne u\u017cycie zastrze\u017conego logo i nazwy Sprzedawcy jest zabronione.<br \/>\n4. Sprzedawca ostrzega, \u017ce naruszenie praw autorskich i innych b\u0119dzie \u015bcigane na drodze cywilnej lub karnej.<\/p>\n<p><strong>\u00a7 3 Polityka cookies<\/strong><br \/>\n1. Sklep pos\u0142uguje si\u0119 tzw. plikami cookies (ciasteczka).<br \/>\n2. Pliki te s\u0105 zapisywane na komputerze Klienta przez serwer Sprzedawcy i dostarczaj\u0105 danych statystycznych o aktywno\u015bci Klienta, w celu dobrania naszej oferty do jego indywidualnych potrzeb i zainteresowa\u0144.<br \/>\n3. Oprogramowanie Sklepu zapisuje informacje w plikach cookies dotycz\u0105cych nast\u0119puj\u0105cych obszar\u00f3w:<br \/>\n\u2013 informacje na temat sesji,<br \/>\n\u2013 ostatnio ogl\u0105dane produkty,<br \/>\n4. Klient w ka\u017cdej chwili mo\u017ce wy\u0142\u0105czy\u0107 w swojej przegl\u0105darce internetowej opcj\u0119 przyjmowania cookies, cho\u0107 musi mie\u0107 \u015bwiadomo\u015b\u0107, \u017ce w niekt\u00f3rych przypadkach od\u0142\u0105czenie tych plik\u00f3w mo\u017ce wp\u0142yn\u0105\u0107 na utrudnienia w korzystaniu z oferty Sklepu.<\/p>\n<p><strong>\u00a7 4 Wy\u0142\u0105czenie odpowiedzialno\u015bci<\/strong><br \/>\n1. Na stronie internetowej Sprzedawcy znajduj\u0105 si\u0119 hiper\u0142\u0105cza do innych stron internetowych. Sprzedawca nie ponosi odpowiedzialno\u015bci za tre\u015bci zamieszczone na tych stronach i ich niezgodno\u015b\u0107 z obowi\u0105zuj\u0105cym prawem.<br \/>\n2. Korzystanie z serwisu i pobieranie plik\u00f3w odbywa si\u0119 na odpowiedzialno\u015b\u0107 Klienta.<\/p>\n<p><strong>Rozdzia\u0142 V<\/strong><br \/>\n<strong> Postanowienia ko\u0144cowe<\/strong><\/p>\n<p><strong>\u00a7 1 Postanowienia og\u00f3lne<\/strong><br \/>\n1. Regulamin jest cz\u0119\u015bci\u0105 zawieranej przez Sprzedawc\u0119 oraz Klienta umowy sprzeda\u017cy.<br \/>\n2. Prawem w\u0142a\u015bciwym dla um\u00f3w sprzeda\u017cy pomi\u0119dzy Klientem a Sprzedawc\u0105 na warunkach okre\u015blonych w Regulaminie jest prawo polskie.<br \/>\n3. Wszelkie spory wynik\u0142e w zwi\u0105zku z realizowaniem um\u00f3w sprzeda\u017cy mi\u0119dzy Sprzedawc\u0105 a Klientem b\u0119d\u0105 rozstrzygane w pierwszej kolejno\u015bci na drodze negocjacji, z intencj\u0105 polubownego zako\u0144czenia sporu.<\/p>\n<p><strong>\u00a7 2 Wej\u015bcie w \u017cycie i zmiany Regulaminu<\/strong><br \/>\n1. Regulamin wchodzi w \u017cycie z dniem publikacji na stronie internetowej Sklepu.<br \/>\n2. Sklep zastrzega sobie mo\u017cliwo\u015b\u0107 zmian w Regulaminie, kt\u00f3re wchodz\u0105 w \u017cycie z dniem ich publikacji na stronie internetowej Sklepu. Do um\u00f3w zawartych przed zmian\u0105 Regulaminu stosuje si\u0119 wersj\u0119 Regulaminu obowi\u0105zuj\u0105c\u0105 w dacie z\u0142o\u017cenia Zam\u00f3wienia przez Klienta. Nowa tre\u015b\u0107 Regulaminu obowi\u0105zywa\u0107 b\u0119dzie Klienta po zaakceptowaniu przez niego zmian, o kt\u00f3rych zosta\u0142 powiadomiony.<\/p>\n<p>&nbsp;<\/p>\n<p style=\"text-align: right;\">Regulamin z dnia: 11.07.2016<\/p>\n","protected":false},"excerpt":{"rendered":"<p>Regulamin sprzeda\u017cy na stronie certyfikat.okiemmamy.pl Rozdzia\u0142 I Postanowienia wst\u0119pne \u00a7 1 Postanowienia og\u00f3lne 1. Sklep internetowy (certyfikat.okiemmamy.pl) prowadzi sprzeda\u017c detaliczn\u0105 za po\u015brednictwem Internetu na obszarze Rzeczpospolitej Polskiej na podstawie niniejszego Regulaminu (dalej \u201eRegulamin\u201d). 2. Regulamin okre\u015bla zasady i warunki korzystania ze Sklepu, a tak\u017ce prawa i obowi\u0105zki W\u0142a\u015bciciela Sklepu i Klient\u00f3w. 3. Przed rozpocz\u0119cie korzystania [&hellip;]<\/p>\n","protected":false},"author":1,"featured_media":0,"parent":0,"menu_order":0,"comment_status":"closed","ping_status":"closed","template":"","meta":[],"_links":{"self":[{"href":"https:\/\/certyfikat.okiemmamy.pl\/krecik\/wp-json\/wp\/v2\/pages\/12"}],"collection":[{"href":"https:\/\/certyfikat.okiemmamy.pl\/krecik\/wp-json\/wp\/v2\/pages"}],"about":[{"href":"https:\/\/certyfikat.okiemmamy.pl\/krecik\/wp-json\/wp\/v2\/types\/page"}],"author":[{"embeddable":true,"href":"https:\/\/certyfikat.okiemmamy.pl\/krecik\/wp-json\/wp\/v2\/users\/1"}],"replies":[{"embeddable":true,"href":"https:\/\/certyfikat.okiemmamy.pl\/krecik\/wp-json\/wp\/v2\/comments?post=12"}],"version-history":[{"count":1,"href":"https:\/\/certyfikat.okiemmamy.pl\/krecik\/wp-json\/wp\/v2\/pages\/12\/revisions"}],"predecessor-version":[{"id":13,"href":"https:\/\/certyfikat.okiemmamy.pl\/krecik\/wp-json\/wp\/v2\/pages\/12\/revisions\/13"}],"wp:attachment":[{"href":"https:\/\/certyfikat.okiemmamy.pl\/krecik\/wp-json\/wp\/v2\/media?parent=12"}],"curies":[{"name":"wp","href":"https:\/\/api.w.org\/{rel}","templated":true}]}}